{"id":3878,"date":"2025-07-17T10:47:37","date_gmt":"2025-07-17T10:47:37","guid":{"rendered":"https:\/\/www.umraniyeminibus.com\/?page_id=3878"},"modified":"2025-07-17T10:50:22","modified_gmt":"2025-07-17T10:50:22","slug":"yorumlariniz","status":"publish","type":"page","link":"https:\/\/www.umraniyeminibus.com\/?page_id=3878","title":{"rendered":"Yorumlar\u0131n\u0131z"},"content":{"rendered":"\n<p>\u00dcmraniye Minib\u00fcs\u00e7\u00fcler Esnaf Odas\u0131 olarak, siz de\u011ferli \u00fcyelerimizin ve ziyaret\u00e7ilerimizin d\u00fc\u015f\u00fcncelerine her zaman \u00f6nem veriyoruz. Bu sayfa, sizlerin duygu ve d\u00fc\u015f\u00fcncelerini \u00f6zg\u00fcrce payla\u015fabilmeniz, g\u00f6r\u00fc\u015f ve \u00f6nerilerinizi iletebilmeniz i\u00e7in olu\u015fturulmu\u015ftur.<\/p>\n\n\n\n<p>Yazaca\u011f\u0131n\u0131z her yorum, bizler i\u00e7in k\u0131ymetli bir geri bildirim niteli\u011fi ta\u015f\u0131maktad\u0131r. Esnaf\u0131m\u0131za y\u00f6nelik hizmet kalitemizi art\u0131rmak, ihtiya\u00e7lara daha h\u0131zl\u0131 \u00e7\u00f6z\u00fcmler \u00fcretmek ve camiam\u0131z aras\u0131nda g\u00fc\u00e7l\u00fc bir ileti\u015fim k\u00f6pr\u00fcs\u00fc kurmak ad\u0131na sizlerden gelecek fikir ve katk\u0131lara daima a\u00e7\u0131\u011f\u0131z.<\/p>\n\n\n\n<p>\u0130ster bir \u00f6neri, ister bir te\u015fekk\u00fcr, isterseniz bir ele\u015ftiri&#8230; Buraya yazaca\u011f\u0131n\u0131z her mesaj\u0131 dikkatle okuyacak ve odam\u0131z\u0131n geli\u015fimi i\u00e7in de\u011ferlendirece\u011fiz. Sizlerden gelen yorumlar sadece bizlere yol g\u00f6stermekle kalmayacak, ayn\u0131 zamanda minib\u00fcs\u00e7\u00fc esnaf\u0131m\u0131z\u0131n birlik ve beraberlik i\u00e7inde hareket etmesine de katk\u0131 sa\u011flayacakt\u0131r.<\/p>\n\n\n\n<p>G\u00f6r\u00fc\u015flerinizi bizimle payla\u015fmaktan \u00e7ekinmeyin. Unutmay\u0131n, bu oda hepimizin.<\/p>\n","protected":false},"excerpt":{"rendered":"<p>\u00dcmraniye Minib\u00fcs\u00e7\u00fcler Esnaf Odas\u0131 olarak, siz de\u011ferli \u00fcyelerimizin ve ziyaret\u00e7ilerimizin d\u00fc\u015f\u00fcncelerine her zaman \u00f6nem veriyoruz. Bu sayfa, sizlerin duygu ve d\u00fc\u015f\u00fcncelerini \u00f6zg\u00fcrce payla\u015fabilmeniz, g\u00f6r\u00fc\u015f ve \u00f6nerilerinizi iletebilmeniz i\u00e7in olu\u015fturulmu\u015ftur. Yazaca\u011f\u0131n\u0131z her yorum, bizler i\u00e7in k\u0131ymetli bir geri bildirim niteli\u011fi ta\u015f\u0131maktad\u0131r. Esnaf\u0131m\u0131za y\u00f6nelik hizmet kalitemizi art\u0131rmak, ihtiya\u00e7lara daha h\u0131zl\u0131 \u00e7\u00f6z\u00fcmler \u00fcretmek ve camiam\u0131z aras\u0131nda g\u00fc\u00e7l\u00fc bir [&hellip;]<\/p>\n","protected":false},"author":1,"featured_media":0,"parent":0,"menu_order":0,"comment_status":"open","ping_status":"closed","template":"","meta":{"_monsterinsights_skip_tracking":false,"_monsterinsights_sitenote_active":false,"_monsterinsights_sitenote_note":"","_monsterinsights_sitenote_category":0,"footnotes":""},"class_list":["post-3878","page","type-page","status-publish","hentry"],"aioseo_notices":[],"_links":{"self":[{"href":"https:\/\/www.umraniyeminibus.com\/index.php?rest_route=\/wp\/v2\/pages\/3878","targetHints":{"allow":["GET"]}}],"collection":[{"href":"https:\/\/www.umraniyeminibus.com\/index.php?rest_route=\/wp\/v2\/pages"}],"about":[{"href":"https:\/\/www.umraniyeminibus.com\/index.php?rest_route=\/wp\/v2\/types\/page"}],"author":[{"embeddable":true,"href":"https:\/\/www.umraniyeminibus.com\/index.php?rest_route=\/wp\/v2\/users\/1"}],"replies":[{"embeddable":true,"href":"https:\/\/www.umraniyeminibus.com\/index.php?rest_route=%2Fwp%2Fv2%2Fcomments&post=3878"}],"version-history":[{"count":1,"href":"https:\/\/www.umraniyeminibus.com\/index.php?rest_route=\/wp\/v2\/pages\/3878\/revisions"}],"predecessor-version":[{"id":3879,"href":"https:\/\/www.umraniyeminibus.com\/index.php?rest_route=\/wp\/v2\/pages\/3878\/revisions\/3879"}],"wp:attachment":[{"href":"https:\/\/www.umraniyeminibus.com\/index.php?rest_route=%2Fwp%2Fv2%2Fmedia&parent=3878"}],"curies":[{"name":"wp","href":"https:\/\/api.w.org\/{rel}","templated":true}]}}