{"id":3381,"date":"2025-07-14T03:51:21","date_gmt":"2025-07-14T03:51:21","guid":{"rendered":"https:\/\/www.umraniyeminibus.com\/?page_id=3381"},"modified":"2025-07-14T03:51:40","modified_gmt":"2025-07-14T03:51:40","slug":"c57-kadikoy-umraniye-atakent-minibus-sefer-saatleri","status":"publish","type":"page","link":"https:\/\/www.umraniyeminibus.com\/?page_id=3381","title":{"rendered":"C57 Kad\u0131k\u00f6y \u2013 \u00dcmraniye (Atakent) Minib\u00fcs Sefer Saatleri"},"content":{"rendered":"\n<p>C57 numaral\u0131 minib\u00fcs hatt\u0131, Kad\u0131k\u00f6y ile \u00dcmraniye Atakent aras\u0131nda kar\u015f\u0131l\u0131kl\u0131 olarak hizmet vermektedir. Sabah 05:50\u2019den itibaren Atakent\u2019ten ba\u015flayan seferler, sabah yo\u011fun saatlerde ortalama&nbsp;<strong>7 ila 10 dakika<\/strong>&nbsp;aral\u0131klarla devam eder. \u00d6\u011fle saatlerinde sefer s\u0131kl\u0131\u011f\u0131&nbsp;<strong>8 dakikaya<\/strong>, ak\u015fam saatlerinde ise tekrar&nbsp;<strong>10 dakikaya<\/strong>&nbsp;\u00e7\u0131kar.<\/p>\n\n\n\n<ul class=\"wp-block-list\">\n<li><strong>\u0130lk kalk\u0131\u015f saati (Atakent):<\/strong>\u00a005:50<\/li>\n\n\n\n<li><strong>Son kalk\u0131\u015f saati (Atakent):<\/strong>\u00a020:00<\/li>\n\n\n\n<li><strong>Son sefer (Kad\u0131k\u00f6y\u2019den d\u00f6n\u00fc\u015f):<\/strong>\u00a022:00<\/li>\n\n\n\n<li><strong>Sefer Aral\u0131\u011f\u0131:<\/strong>\u00a0Sabah saatlerinde 7-10 dakika, \u00f6\u011fle saatlerinde 8 dakika, ak\u015fam saatlerinde 10 dakika<\/li>\n<\/ul>\n\n\n\n<p>C57 hatt\u0131; i\u015f, okul ve g\u00fcnl\u00fck ula\u015f\u0131mda b\u00fcy\u00fck kolayl\u0131k sa\u011flayan, s\u0131k seferlerle desteklenen bir minib\u00fcs g\u00fczerg\u00e2h\u0131d\u0131r. Kad\u0131k\u00f6y\u2019den \u00dcmraniye\u2019nin merkez noktalar\u0131na ula\u015f\u0131m sa\u011flayan bu hat, \u00f6zellikle sabah ve ak\u015fam saatlerinde \u00e7al\u0131\u015fanlar i\u00e7in ideal bir ula\u015f\u0131m alternatifidir.<\/p>\n","protected":false},"excerpt":{"rendered":"<p>C57 numaral\u0131 minib\u00fcs hatt\u0131, Kad\u0131k\u00f6y ile \u00dcmraniye Atakent aras\u0131nda kar\u015f\u0131l\u0131kl\u0131 olarak hizmet vermektedir. Sabah 05:50\u2019den itibaren Atakent\u2019ten ba\u015flayan seferler, sabah yo\u011fun saatlerde ortalama&nbsp;7 ila 10 dakika&nbsp;aral\u0131klarla devam eder. \u00d6\u011fle saatlerinde sefer s\u0131kl\u0131\u011f\u0131&nbsp;8 dakikaya, ak\u015fam saatlerinde ise tekrar&nbsp;10 dakikaya&nbsp;\u00e7\u0131kar. C57 hatt\u0131; i\u015f, okul ve g\u00fcnl\u00fck ula\u015f\u0131mda b\u00fcy\u00fck kolayl\u0131k sa\u011flayan, s\u0131k seferlerle desteklenen bir minib\u00fcs g\u00fczerg\u00e2h\u0131d\u0131r. Kad\u0131k\u00f6y\u2019den [&hellip;]<\/p>\n","protected":false},"author":1,"featured_media":0,"parent":0,"menu_order":0,"comment_status":"closed","ping_status":"closed","template":"","meta":{"_monsterinsights_skip_tracking":false,"_monsterinsights_sitenote_active":false,"_monsterinsights_sitenote_note":"","_monsterinsights_sitenote_category":0,"footnotes":""},"class_list":["post-3381","page","type-page","status-publish","hentry"],"aioseo_notices":[],"_links":{"self":[{"href":"https:\/\/www.umraniyeminibus.com\/index.php?rest_route=\/wp\/v2\/pages\/3381","targetHints":{"allow":["GET"]}}],"collection":[{"href":"https:\/\/www.umraniyeminibus.com\/index.php?rest_route=\/wp\/v2\/pages"}],"about":[{"href":"https:\/\/www.umraniyeminibus.com\/index.php?rest_route=\/wp\/v2\/types\/page"}],"author":[{"embeddable":true,"href":"https:\/\/www.umraniyeminibus.com\/index.php?rest_route=\/wp\/v2\/users\/1"}],"replies":[{"embeddable":true,"href":"https:\/\/www.umraniyeminibus.com\/index.php?rest_route=%2Fwp%2Fv2%2Fcomments&post=3381"}],"version-history":[{"count":1,"href":"https:\/\/www.umraniyeminibus.com\/index.php?rest_route=\/wp\/v2\/pages\/3381\/revisions"}],"predecessor-version":[{"id":3382,"href":"https:\/\/www.umraniyeminibus.com\/index.php?rest_route=\/wp\/v2\/pages\/3381\/revisions\/3382"}],"wp:attachment":[{"href":"https:\/\/www.umraniyeminibus.com\/index.php?rest_route=%2Fwp%2Fv2%2Fmedia&parent=3381"}],"curies":[{"name":"wp","href":"https:\/\/api.w.org\/{rel}","templated":true}]}}