{"id":3374,"date":"2025-07-14T03:44:44","date_gmt":"2025-07-14T03:44:44","guid":{"rendered":"https:\/\/www.umraniyeminibus.com\/?page_id=3374"},"modified":"2025-07-14T03:45:00","modified_gmt":"2025-07-14T03:45:00","slug":"c-313-inkilap-umraniye-hatti-saatleri","status":"publish","type":"page","link":"https:\/\/www.umraniyeminibus.com\/?page_id=3374","title":{"rendered":"C-313 \u0130nk\u0131lap &#8211; \u00dcmraniye Hatt\u0131\u00a0Saatleri"},"content":{"rendered":"\n<div class=\"glass-container\">\n  <h3 style=\"text-align:center;color:#fff;\">\ud83d\udccd C-313 \u0130nk\u0131lap &#8211; \u00dcmraniye Hatt\u0131 | Cumartesi Yaz Sefer Listesi<\/h3>\n  <p style=\"text-align:center; color: #eee; font-size: 16px;\">\n    <strong>G\u00fczerg\u00e2h:<\/strong> \u0130nk\u0131lap Mahallesi \u2013 \u00dcmraniye Merkez \u2013 \u0130MES \u2013 Santral Duraklar\u0131\n  <\/p>\n\n  <table class=\"glass-table\">\n    <thead>\n      <tr>\n        <th>1<\/th><th>2<\/th><th>3<\/th><th>4<\/th><th>5<\/th><th>6<\/th><th>7<\/th><th>8<\/th><th>9<\/th><th>10<\/th><th>11<\/th><th>12<\/th><th>13<\/th><th>14<\/th>\n      <\/tr>\n    <\/thead>\n    <tbody>\n      <tr><td>06:05<\/td><td>07:12<\/td><td>08:02<\/td><td>08:52<\/td><td>10:00<\/td><td>11:07<\/td><td>12:17<\/td><td>13:21<\/td><td>14:24<\/td><td>15:27<\/td><td>16:30<\/td><td>17:38<\/td><td>18:42<\/td><td>19:54<\/td><\/tr>\n      <tr><td>06:15<\/td><td>07:18<\/td><td>08:07<\/td><td>08:58<\/td><td>10:08<\/td><td>11:14<\/td><td>12:24<\/td><td>13:28<\/td><td>14:31<\/td><td>15:34<\/td><td>16:38<\/td><td>17:45<\/td><td>18:50<\/td><td>20:02<\/td><\/tr>\n      <tr><td>06:24<\/td><td>07:24<\/td><td>08:12<\/td><td>09:05<\/td><td>10:16<\/td><td>11:22<\/td><td>12:31<\/td><td>13:35<\/td><td>14:38<\/td><td>15:41<\/td><td>16:46<\/td><td>17:52<\/td><td>18:58<\/td><td>20:10<\/td><\/tr>\n      <tr><td>06:32<\/td><td>07:30<\/td><td>08:17<\/td><td>09:12<\/td><td>10:24<\/td><td>11:30<\/td><td>12:38<\/td><td>13:42<\/td><td>14:45<\/td><td>15:48<\/td><td>16:54<\/td><td>17:59<\/td><td>19:06<\/td><td>20:18<\/td><\/tr>\n      <tr><td>06:39<\/td><td>07:36<\/td><td>08:22<\/td><td>09:20<\/td><td>10:32<\/td><td>11:38<\/td><td>12:45<\/td><td>13:49<\/td><td>14:52<\/td><td>15:55<\/td><td>17:02<\/td><td>18:06<\/td><td>19:14<\/td><td>20:26<\/td><\/tr>\n      <tr><td>06:46<\/td><td>07:42<\/td><td>08:28<\/td><td>09:28<\/td><td>10:39<\/td><td>11:46<\/td><td>12:52<\/td><td>13:56<\/td><td>14:59<\/td><td>16:02<\/td><td>17:10<\/td><td>18:13<\/td><td>19:22<\/td><td>20:34<\/td><\/tr>\n      <tr><td>06:53<\/td><td>07:47<\/td><td>08:34<\/td><td>09:36<\/td><td>10:46<\/td><td>11:54<\/td><td>13:00<\/td><td>14:03<\/td><td>15:06<\/td><td>16:09<\/td><td>17:17<\/td><td>18:20<\/td><td>19:30<\/td><td>20:42<\/td><\/tr>\n      <tr><td>07:00<\/td><td>07:52<\/td><td>08:40<\/td><td>09:44<\/td><td>10:53<\/td><td>12:02<\/td><td>13:07<\/td><td>14:10<\/td><td>15:13<\/td><td>16:16<\/td><td>17:24<\/td><td>18:27<\/td><td>19:38<\/td><td>20:50<\/td><\/tr>\n      <tr><td>07:06<\/td><td>07:57<\/td><td>08:46<\/td><td>09:52<\/td><td>11:00<\/td><td>12:10<\/td><td>13:14<\/td><td>14:17<\/td><td>15:20<\/td><td>16:23<\/td><td>17:31<\/td><td>18:34<\/td><td>19:46<\/td><td>21:00<\/td><\/tr>\n    <\/tbody>\n  <\/table>\n<\/div>\n\n\n\n<p><strong>C-313 \u0130nk\u0131lap \u2013 \u00dcmraniye Minib\u00fcs Hatt\u0131 | Cumartesi Yaz Sefer Saatleri <\/strong><\/p>\n\n\n\n<p>C-313 numaral\u0131 minib\u00fcs hatt\u0131, \u0130nk\u0131lap Mahallesi\u2019nden \u00dcmraniye\u2019ye ula\u015f\u0131m sa\u011flayan \u00f6nemli hatlardan biridir. \u00d6zellikle yaz d\u00f6neminde ve Cumartesi g\u00fcnleri, yo\u011funluk g\u00f6z \u00f6n\u00fcnde bulundurularak haz\u0131rlanan sefer listesiyle yolculara d\u00fczenli ula\u015f\u0131m imk\u00e2n\u0131 sunmaktad\u0131r.<\/p>\n\n\n\n<p>G\u00fczerg\u00e2h boyunca \u0130nk\u0131lap \u2013 \u0130MES \u2013 \u00dcmraniye Merkez ve \u00e7evresine hizmet veren bu minib\u00fcsler, sabah erken saatlerden geceye kadar seferlerine devam eder. A\u015fa\u011f\u0131da belirtilen saat \u00e7izelgesi,&nbsp;<strong>21 Haziran 2023 tarihli yaz tarifesine<\/strong>&nbsp;g\u00f6re g\u00fcncellenmi\u015ftir.<\/p>\n\n\n\n<p><strong>C-313 Cumartesi sefer saatleri<\/strong>, i\u015f, okul veya sosyal planlamalar\u0131n\u0131 yapacak yolcular i\u00e7in referans niteli\u011findedir. En g\u00fcncel minib\u00fcs saatlerine web sitemizden ula\u015fabilir, toplu ta\u015f\u0131mada zaman kayb\u0131n\u0131 en aza indirebilirsiniz.<\/p>\n","protected":false},"excerpt":{"rendered":"<p>\ud83d\udccd C-313 \u0130nk\u0131lap &#8211; \u00dcmraniye Hatt\u0131 | Cumartesi Yaz Sefer Listesi G\u00fczerg\u00e2h: \u0130nk\u0131lap Mahallesi \u2013 \u00dcmraniye Merkez \u2013 \u0130MES \u2013 Santral Duraklar\u0131 1 2 3 4 5 6 7 8 9 10 11 12 13 14 06:05 07:12 08:02 08:52 10:00 11:07 12:17 13:21 14:24 15:27 16:30 17:38 18:42 19:54 06:15 07:18 08:07 08:58 10:08 [&hellip;]<\/p>\n","protected":false},"author":1,"featured_media":0,"parent":0,"menu_order":0,"comment_status":"closed","ping_status":"closed","template":"","meta":{"_monsterinsights_skip_tracking":false,"_monsterinsights_sitenote_active":false,"_monsterinsights_sitenote_note":"","_monsterinsights_sitenote_category":0,"footnotes":""},"class_list":["post-3374","page","type-page","status-publish","hentry"],"aioseo_notices":[],"_links":{"self":[{"href":"https:\/\/www.umraniyeminibus.com\/index.php?rest_route=\/wp\/v2\/pages\/3374","targetHints":{"allow":["GET"]}}],"collection":[{"href":"https:\/\/www.umraniyeminibus.com\/index.php?rest_route=\/wp\/v2\/pages"}],"about":[{"href":"https:\/\/www.umraniyeminibus.com\/index.php?rest_route=\/wp\/v2\/types\/page"}],"author":[{"embeddable":true,"href":"https:\/\/www.umraniyeminibus.com\/index.php?rest_route=\/wp\/v2\/users\/1"}],"replies":[{"embeddable":true,"href":"https:\/\/www.umraniyeminibus.com\/index.php?rest_route=%2Fwp%2Fv2%2Fcomments&post=3374"}],"version-history":[{"count":2,"href":"https:\/\/www.umraniyeminibus.com\/index.php?rest_route=\/wp\/v2\/pages\/3374\/revisions"}],"predecessor-version":[{"id":3376,"href":"https:\/\/www.umraniyeminibus.com\/index.php?rest_route=\/wp\/v2\/pages\/3374\/revisions\/3376"}],"wp:attachment":[{"href":"https:\/\/www.umraniyeminibus.com\/index.php?rest_route=%2Fwp%2Fv2%2Fmedia&parent=3374"}],"curies":[{"name":"wp","href":"https:\/\/api.w.org\/{rel}","templated":true}]}}