{"id":3372,"date":"2025-07-14T03:42:43","date_gmt":"2025-07-14T03:42:43","guid":{"rendered":"https:\/\/www.umraniyeminibus.com\/?page_id=3372"},"modified":"2025-07-14T03:42:46","modified_gmt":"2025-07-14T03:42:46","slug":"umraniye-yavuzturk-c-354-hatti-saatleri","status":"publish","type":"page","link":"https:\/\/www.umraniyeminibus.com\/?page_id=3372","title":{"rendered":"\u00dcmraniye &#8211; Yavuzt\u00fcrk C-354 hatt\u0131 saatleri"},"content":{"rendered":"\n<div class=\"glass-container\">\n  <h3 style=\"text-align:center;color:#fff;\">\ud83d\udccd Yavuzt\u00fcrk C-354 | Cumartesi \u00c7izelgesi (Yaz)<\/h3>\n  <p style=\"text-align:center; color: #eee; font-size: 16px;\">\n    <strong>Duraklar:<\/strong> Yavuzt\u00fcrk Dere &#8211; \u00dcmraniye \u0130gda\u015f Binas\u0131 \u00d6n\u00fc &#8211; Santral Merkez Camii \u00d6n\u00fc\n  <\/p>\n\n  <table class=\"glass-table\">\n    <thead>\n      <tr>\n        <th>1<\/th><th>2<\/th><th>3<\/th><th>4<\/th><th>5<\/th><th>6<\/th><th>7<\/th><th>8<\/th><th>9<\/th><th>10<\/th>\n      <\/tr>\n    <\/thead>\n    <tbody>\n      <tr><td>6:20<\/td><td>6:26<\/td><td>6:32<\/td><td>6:38<\/td><td>6:44<\/td><td>6:50<\/td><td>6:55<\/td><td>7:00<\/td><td>7:05<\/td><td>7:10<\/td><\/tr>\n      <tr><td style=\"color:red;\">6:45<\/td><td style=\"color:red;\">6:51<\/td><td style=\"color:red;\">6:57<\/td><td style=\"color:red;\">7:03<\/td><td style=\"color:red;\">7:10<\/td><td style=\"color:red;\">7:15<\/td><td style=\"color:red;\">7:20<\/td><td style=\"color:red;\">7:25<\/td><td style=\"color:red;\">7:30<\/td><td style=\"color:red;\">7:35<\/td><\/tr>\n      <tr><td>7:20<\/td><td>7:25<\/td><td>7:30<\/td><td>7:35<\/td><td>7:40<\/td><td>7:45<\/td><td>7:50<\/td><td>7:55<\/td><td>8:00<\/td><td>8:05<\/td><\/tr>\n      <tr><td style=\"color:red;\">7:40<\/td><td style=\"color:red;\">7:45<\/td><td style=\"color:red;\">7:50<\/td><td style=\"color:red;\">7:55<\/td><td style=\"color:red;\">8:00<\/td><td style=\"color:red;\">8:05<\/td><td style=\"color:red;\">8:10<\/td><td style=\"color:red;\">8:15<\/td><td style=\"color:red;\">8:20<\/td><td style=\"color:red;\">8:25<\/td><\/tr>\n      <!-- Devam\u0131n\u0131 istersen devam edebilirim -->\n    <\/tbody>\n  <\/table>\n<\/div>\n\n\n\n<p><strong>Yavuzt\u00fcrk C-354 Minib\u00fcs Hatt\u0131 Cumartesi Sefer Saatleri (Yaz D\u00f6nemi)<\/strong><\/p>\n\n\n\n<p>Yavuzt\u00fcrk b\u00f6lgesinden \u00dcmraniye\u2019ye ula\u015f\u0131m\u0131 sa\u011flayan&nbsp;<strong>C-354 hatt\u0131<\/strong>, \u00f6zellikle hafta sonu Cumartesi g\u00fcnleri i\u00e7in yo\u011fun bir \u015fekilde kullan\u0131lmaktad\u0131r. Bu hatta hizmet veren minib\u00fcsler s\u0131ras\u0131yla&nbsp;<strong>Yavuzt\u00fcrk Dere<\/strong>,&nbsp;<strong>\u00dcmraniye \u0130gda\u015f Binas\u0131 \u00d6n\u00fc<\/strong>&nbsp;ve&nbsp;<strong>Santral Merkez Camii \u00d6n\u00fc<\/strong>&nbsp;duraklar\u0131ndan ge\u00e7erek h\u0131zl\u0131 ve g\u00fcvenli ula\u015f\u0131m sunar.<\/p>\n\n\n\n<p>A\u015fa\u011f\u0131daki \u00e7izelge, yaz tarifesine g\u00f6re Cumartesi g\u00fcn\u00fc ge\u00e7erli olan kalk\u0131\u015f saatlerini detayl\u0131 \u015fekilde g\u00f6stermektedir. T\u00fcm saatler g\u00fcnceldir ve&nbsp;<strong>g\u00fcnl\u00fck \u015fehir i\u00e7i ula\u015f\u0131m planlaman\u0131z\u0131 kolayla\u015ft\u0131rmak<\/strong>&nbsp;amac\u0131yla haz\u0131rlanm\u0131\u015ft\u0131r.<\/p>\n\n\n\n<p><strong>C-354 Cumartesi sefer saatleri<\/strong>, Yavuzt\u00fcrk ile \u00dcmraniye aras\u0131ndaki g\u00fczerg\u00e2hta ula\u015f\u0131m\u0131 planlamak isteyen yolcular i\u00e7in rehber niteli\u011findedir. Ayr\u0131ca web sitemiz \u00fczerinden di\u011fer hatlar\u0131n g\u00fcncel saat bilgilerine de ula\u015fabilirsiniz.<\/p>\n","protected":false},"excerpt":{"rendered":"<p>\ud83d\udccd Yavuzt\u00fcrk C-354 | Cumartesi \u00c7izelgesi (Yaz) Duraklar: Yavuzt\u00fcrk Dere &#8211; \u00dcmraniye \u0130gda\u015f Binas\u0131 \u00d6n\u00fc &#8211; Santral Merkez Camii \u00d6n\u00fc 1 2 3 4 5 6 7 8 9 10 6:20 6:26 6:32 6:38 6:44 6:50 6:55 7:00 7:05 7:10 6:45 6:51 6:57 7:03 7:10 7:15 7:20 7:25 7:30 7:35 7:20 7:25 7:30 7:35 7:40 [&hellip;]<\/p>\n","protected":false},"author":1,"featured_media":0,"parent":0,"menu_order":0,"comment_status":"closed","ping_status":"closed","template":"","meta":{"_monsterinsights_skip_tracking":false,"_monsterinsights_sitenote_active":false,"_monsterinsights_sitenote_note":"","_monsterinsights_sitenote_category":0,"footnotes":""},"class_list":["post-3372","page","type-page","status-publish","hentry"],"aioseo_notices":[],"_links":{"self":[{"href":"https:\/\/www.umraniyeminibus.com\/index.php?rest_route=\/wp\/v2\/pages\/3372","targetHints":{"allow":["GET"]}}],"collection":[{"href":"https:\/\/www.umraniyeminibus.com\/index.php?rest_route=\/wp\/v2\/pages"}],"about":[{"href":"https:\/\/www.umraniyeminibus.com\/index.php?rest_route=\/wp\/v2\/types\/page"}],"author":[{"embeddable":true,"href":"https:\/\/www.umraniyeminibus.com\/index.php?rest_route=\/wp\/v2\/users\/1"}],"replies":[{"embeddable":true,"href":"https:\/\/www.umraniyeminibus.com\/index.php?rest_route=%2Fwp%2Fv2%2Fcomments&post=3372"}],"version-history":[{"count":1,"href":"https:\/\/www.umraniyeminibus.com\/index.php?rest_route=\/wp\/v2\/pages\/3372\/revisions"}],"predecessor-version":[{"id":3373,"href":"https:\/\/www.umraniyeminibus.com\/index.php?rest_route=\/wp\/v2\/pages\/3372\/revisions\/3373"}],"wp:attachment":[{"href":"https:\/\/www.umraniyeminibus.com\/index.php?rest_route=%2Fwp%2Fv2%2Fmedia&parent=3372"}],"curies":[{"name":"wp","href":"https:\/\/api.w.org\/{rel}","templated":true}]}}