{"id":3362,"date":"2025-07-14T03:26:23","date_gmt":"2025-07-14T03:26:23","guid":{"rendered":"https:\/\/www.umraniyeminibus.com\/?page_id=3362"},"modified":"2025-07-14T03:32:17","modified_gmt":"2025-07-14T03:32:17","slug":"dudullu-uskudar-minibus-saatleri","status":"publish","type":"page","link":"https:\/\/www.umraniyeminibus.com\/?page_id=3362","title":{"rendered":"Dudullu &#8211; \u00dcsk\u00fcdar Minib\u00fcs Saatleri"},"content":{"rendered":"\n<div class=\"glass-container\">\n  <h3 style=\"text-align:center;color:#fff;\">\ud83d\udccd DUDULLU Kalk\u0131\u015f Saatleri (Pazartesi)<\/h3>\n  <table class=\"glass-table\">\n    <thead>\n      <tr>\n        <th>1091<\/th><th>1742<\/th><th>2368<\/th><th>782<\/th><th>1144<\/th><th>1537<\/th><th>780<\/th><th>2238<\/th><th>1479<\/th><th>1195<\/th><th>2776<\/th><th>1395<\/th><th>833<\/th><th>2550<\/th><th>1976<\/th><th>2484<\/th><th>1942<\/th>\n      <\/tr>\n    <\/thead>\n    <tbody>\n      <tr><td>5:00<\/td><td>5:05<\/td><td>5:10<\/td><td>5:15<\/td><td>5:20<\/td><td>5:25<\/td><td>5:30<\/td><td>5:35<\/td><td>5:40<\/td><td>5:45<\/td><td>5:50<\/td><td>5:55<\/td><td>6:00<\/td><td>6:05<\/td><td>6:10<\/td><td>6:15<\/td><td>6:20<\/td><\/tr>\n      <tr><td>7:44<\/td><td>7:48<\/td><td>7:52<\/td><td>7:56<\/td><td>8:00<\/td><td>8:04<\/td><td>8:08<\/td><td>8:12<\/td><td>8:16<\/td><td>8:20<\/td><td>8:24<\/td><td>8:28<\/td><td>8:32<\/td><td>8:36<\/td><td>8:40<\/td><td>8:44<\/td><td>8:48<\/td><\/tr>\n      <tr><td>10:16<\/td><td>10:20<\/td><td>10:24<\/td><td>10:28<\/td><td>10:32<\/td><td>10:36<\/td><td>10:40<\/td><td>10:44<\/td><td>10:48<\/td><td>10:52<\/td><td>10:56<\/td><td>11:00<\/td><td>11:04<\/td><td>11:08<\/td><td>11:12<\/td><td>11:16<\/td><td>11:20<\/td><\/tr>\n      <tr><td>12:48<\/td><td>12:52<\/td><td>12:56<\/td><td>13:00<\/td><td>13:04<\/td><td>13:08<\/td><td>13:12<\/td><td>13:16<\/td><td>13:20<\/td><td>13:24<\/td><td>13:28<\/td><td>13:32<\/td><td>13:36<\/td><td>13:40<\/td><td>13:44<\/td><td>13:48<\/td><td>13:52<\/td><\/tr>\n      <tr><td>15:20<\/td><td>15:24<\/td><td>15:28<\/td><td>15:32<\/td><td>15:36<\/td><td>15:40<\/td><td>15:44<\/td><td>15:48<\/td><td>15:52<\/td><td>15:56<\/td><td>16:00<\/td><td>16:04<\/td><td>16:08<\/td><td>16:12<\/td><td>16:16<\/td><td>16:20<\/td><td>16:24<\/td><\/tr>\n      <tr><td>17:52<\/td><td>17:56<\/td><td>18:00<\/td><td>18:04<\/td><td>18:08<\/td><td>18:12<\/td><td>18:16<\/td><td>18:20<\/td><td>18:24<\/td><td>18:28<\/td><td>18:32<\/td><td>18:36<\/td><td>18:40<\/td><td>18:44<\/td><td>18:48<\/td><td>18:52<\/td><td>18:56<\/td><\/tr>\n      <tr><td>20:24<\/td><td>20:28<\/td><td>20:32<\/td><td>20:36<\/td><td>20:40<\/td><td>20:44<\/td><td>20:48<\/td><td>20:52<\/td><td>20:56<\/td><td>21:00<\/td><td>21:04<\/td><td>21:08<\/td><td>21:12<\/td><td>21:16<\/td><td>21:20<\/td><td>21:24<\/td><td>21:28<\/td><\/tr>\n      <tr><td>23:54<\/td><td>00:00<\/td><td>00:06<\/td><td>00:12<\/td><td>00:18<\/td><td>00:24<\/td><td>00:30<\/td><td><\/td><td><\/td><td><\/td><td><\/td><td><\/td><td><\/td><td><\/td><td><\/td><td><\/td><td><\/td><\/tr>\n    <\/tbody>\n  <\/table>\n<\/div>\n\n\n\n<div class=\"glass-container\">\n  <h3 style=\"text-align:center;color:#fff;\">\ud83d\udccd \u00dcSK\u00dcDAR Kalk\u0131\u015f Saatleri (Pazartesi)<\/h3>\n  <table class=\"glass-table\">\n    <thead>\n      <tr>\n        <th>2<\/th><th>3<\/th><th>6<\/th><th>4<\/th><th>7<\/th><th>8<\/th><th>11<\/th><th>10<\/th><th>12<\/th><th>14<\/th><th>16<\/th><th>15<\/th><th>18<\/th><th>19<\/th><th>22<\/th><th>20<\/th><th>23<\/th>\n      <\/tr>\n    <\/thead>\n    <tbody>\n      <tr><td>6:04<\/td><td>6:08<\/td><td>6:12<\/td><td>6:16<\/td><td>6:20<\/td><td>6:24<\/td><td>6:28<\/td><td>6:32<\/td><td>6:36<\/td><td>6:40<\/td><td>6:44<\/td><td>6:48<\/td><td>6:52<\/td><td>6:56<\/td><td>7:00<\/td><td>7:04<\/td><td>7:08<\/td><\/tr>\n      <tr><td>8:36<\/td><td>8:40<\/td><td>8:44<\/td><td>8:48<\/td><td>8:52<\/td><td>8:56<\/td><td>9:00<\/td><td>9:04<\/td><td>9:08<\/td><td>9:12<\/td><td>9:16<\/td><td>9:20<\/td><td>9:24<\/td><td>9:28<\/td><td>9:32<\/td><td>9:36<\/td><td>9:40<\/td><\/tr>\n      <tr><td>11:08<\/td><td>11:12<\/td><td>11:16<\/td><td>11:20<\/td><td>11:24<\/td><td>11:28<\/td><td>11:32<\/td><td>11:36<\/td><td>11:40<\/td><td>11:44<\/td><td>11:48<\/td><td>11:52<\/td><td>11:56<\/td><td>12:00<\/td><td>12:04<\/td><td>12:08<\/td><td>12:12<\/td><\/tr>\n      <tr><td>13:40<\/td><td>13:44<\/td><td>13:48<\/td><td>13:52<\/td><td>13:56<\/td><td>14:00<\/td><td>14:04<\/td><td>14:08<\/td><td>14:12<\/td><td>14:16<\/td><td>14:20<\/td><td>14:24<\/td><td>14:28<\/td><td>14:32<\/td><td>14:36<\/td><td>14:40<\/td><td>14:44<\/td><\/tr>\n      <tr><td>16:12<\/td><td>16:16<\/td><td>16:20<\/td><td>16:24<\/td><td>16:28<\/td><td>16:32<\/td><td>16:36<\/td><td>16:40<\/td><td>16:44<\/td><td>16:48<\/td><td>16:52<\/td><td>16:56<\/td><td>17:00<\/td><td>17:04<\/td><td>17:08<\/td><td>17:12<\/td><td>17:16<\/td><\/tr>\n      <tr><td>18:44<\/td><td>18:48<\/td><td>18:52<\/td><td>18:56<\/td><td>19:00<\/td><td>19:04<\/td><td>19:08<\/td><td>19:12<\/td><td>19:16<\/td><td>19:20<\/td><td>19:24<\/td><td>19:28<\/td><td>19:32<\/td><td>19:36<\/td><td>19:40<\/td><td>19:44<\/td><td>19:48<\/td><\/tr>\n      <tr><td>21:24<\/td><td>21:30<\/td><td>21:36<\/td><td>21:42<\/td><td>21:48<\/td><td>21:54<\/td><td>22:00<\/td><td>22:06<\/td><td>22:12<\/td><td>22:18<\/td><td>22:24<\/td><td>22:30<\/td><td>22:36<\/td><td>22:42<\/td><td>22:48<\/td><td>22:54<\/td><td>23:00<\/td><\/tr>\n    <\/tbody>\n  <\/table>\n<\/div>\n\n\n\n<div class=\"glass-container\">\n  <h3 style=\"text-align:center;color:#fff;\">\ud83d\udccd \u00dcSK\u00dcDAR Kalk\u0131\u015f Saatleri (devam)<\/h3>\n  <table class=\"glass-table\">\n    <thead>\n      <tr>\n        <th>1601<\/th><th>661<\/th><th>1724<\/th><th>1720<\/th><th>1508<\/th><th>829<\/th><th>1094<\/th><th>711<\/th><th>2337<\/th><th>2419<\/th><th>1093<\/th><th>1538<\/th><th>1055<\/th><th>1089<\/th><th>441<\/th><th>2636<\/th><th>2366<\/th>\n      <\/tr>\n    <\/thead>\n    <tbody>\n      <tr><td>5:00<\/td><td>5:05<\/td><td>5:10<\/td><td>5:15<\/td><td>5:20<\/td><td>5:25<\/td><td>5:30<\/td><td>5:35<\/td><td>5:40<\/td><td>5:45<\/td><td>5:50<\/td><td>5:55<\/td><td>6:00<\/td><td>6:05<\/td><td>6:10<\/td><td>6:15<\/td><td>6:20<\/td><\/tr>\n      <tr><td>7:20<\/td><td>7:24<\/td><td>7:28<\/td><td>7:32<\/td><td>7:36<\/td><td>7:40<\/td><td>7:44<\/td><td>7:48<\/td><td>7:52<\/td><td>7:56<\/td><td>8:00<\/td><td>8:04<\/td><td>8:08<\/td><td>8:12<\/td><td>8:16<\/td><td>8:20<\/td><td>8:24<\/td><\/tr>\n      <tr><td>9:52<\/td><td>9:56<\/td><td>10:00<\/td><td>10:04<\/td><td>10:08<\/td><td>10:12<\/td><td>10:16<\/td><td>10:20<\/td><td>10:24<\/td><td>10:28<\/td><td>10:32<\/td><td>10:36<\/td><td>10:40<\/td><td>10:44<\/td><td>10:48<\/td><td>10:52<\/td><td>10:56<\/td><\/tr>\n      <tr><td>12:24<\/td><td>12:28<\/td><td>12:32<\/td><td>12:36<\/td><td>12:40<\/td><td>12:44<\/td><td>12:48<\/td><td>12:52<\/td><td>12:56<\/td><td>13:00<\/td><td>13:04<\/td><td>13:08<\/td><td>13:12<\/td><td>13:16<\/td><td>13:20<\/td><td>13:24<\/td><td>13:28<\/td><\/tr>\n      <tr><td>14:56<\/td><td>15:00<\/td><td>15:04<\/td><td>15:08<\/td><td>15:12<\/td><td>15:16<\/td><td>15:20<\/td><td>15:24<\/td><td>15:28<\/td><td>15:32<\/td><td>15:36<\/td><td>15:40<\/td><td>15:44<\/td><td>15:48<\/td><td>15:52<\/td><td>15:56<\/td><td>16:00<\/td><\/tr>\n      <tr><td>17:28<\/td><td>17:32<\/td><td>17:36<\/td><td>17:40<\/td><td>17:44<\/td><td>17:48<\/td><td>17:52<\/td><td>17:56<\/td><td>18:00<\/td><td>18:04<\/td><td>18:08<\/td><td>18:12<\/td><td>18:16<\/td><td>18:20<\/td><td>18:24<\/td><td>18:28<\/td><td>18:32<\/td><\/tr>\n      <tr><td>20:00<\/td><td>20:04<\/td><td>20:08<\/td><td>20:12<\/td><td>20:16<\/td><td>20:20<\/td><td>20:24<\/td><td>20:28<\/td><td>20:32<\/td><td>20:36<\/td><td>20:40<\/td><td>20:44<\/td><td>20:48<\/td><td>20:52<\/td><td>20:56<\/td><td>21:00<\/td><td>21:04<\/td><\/tr>\n      <tr><td>23:18<\/td><td>23:24<\/td><td>23:30<\/td><td>23:36<\/td><td>23:42<\/td><td>23:48<\/td><td>23:54<\/td><td>00:00<\/td><td>00:06<\/td><td>00:12<\/td><td>00:18<\/td><td>00:24<\/td><td>00:30<\/td><td><\/td><td><\/td><td><\/td><td><\/td><\/tr>\n    <\/tbody>\n  <\/table>\n<\/div>\n\n\n\n<div class=\"glass-container\">\n  <h3 style=\"text-align:center;color:#fff;\">\ud83d\udccd DUDULLU Kalk\u0131\u015f Saatleri (devam)<\/h3>\n  <table class=\"glass-table\">\n    <thead>\n      <tr>\n        <th>24<\/th><th>26<\/th><th>28<\/th><th>27<\/th><th>30<\/th><th>31<\/th><th>34<\/th><th>32<\/th><th>35<\/th><th>36<\/th><th>39<\/th><th>38<\/th><th>40<\/th><th>42<\/th><th>43<\/th><th>45<\/th><th>44<\/th>\n      <\/tr>\n    <\/thead>\n    <tbody>\n      <tr><td>6:20<\/td><td>6:24<\/td><td>6:28<\/td><td>6:32<\/td><td>6:36<\/td><td>6:40<\/td><td>6:44<\/td><td>6:48<\/td><td>6:52<\/td><td>6:56<\/td><td>7:00<\/td><td>7:04<\/td><td>7:08<\/td><td>7:12<\/td><td>7:16<\/td><td>7:20<\/td><td>7:24<\/td><\/tr>\n      <tr><td>9:00<\/td><td>9:04<\/td><td>9:08<\/td><td>9:12<\/td><td>9:16<\/td><td>9:20<\/td><td>9:24<\/td><td>9:28<\/td><td>9:32<\/td><td>9:36<\/td><td>9:40<\/td><td>9:44<\/td><td>9:48<\/td><td>9:52<\/td><td>9:56<\/td><td>10:00<\/td><td>10:04<\/td><\/tr>\n      <tr><td>11:32<\/td><td>11:36<\/td><td>11:40<\/td><td>11:44<\/td><td>11:48<\/td><td>11:52<\/td><td>11:56<\/td><td>12:00<\/td><td>12:04<\/td><td>12:08<\/td><td>12:12<\/td><td>12:16<\/td><td>12:20<\/td><td>12:24<\/td><td>12:28<\/td><td>12:32<\/td><td>12:36<\/td><\/tr>\n      <tr><td>14:04<\/td><td>14:08<\/td><td>14:12<\/td><td>14:16<\/td><td>14:20<\/td><td>14:24<\/td><td>14:28<\/td><td>14:32<\/td><td>14:36<\/td><td>14:40<\/td><td>14:44<\/td><td>14:48<\/td><td>14:52<\/td><td>14:56<\/td><td>15:00<\/td><td>15:04<\/td><td>15:08<\/td><\/tr>\n      <tr><td>16:36<\/td><td>16:40<\/td><td>16:44<\/td><td>16:48<\/td><td>16:52<\/td><td>16:56<\/td><td>17:00<\/td><td>17:04<\/td><td>17:08<\/td><td>17:12<\/td><td>17:16<\/td><td>17:20<\/td><td>17:24<\/td><td>17:28<\/td><td>17:32<\/td><td>17:36<\/td><td>17:40<\/td><\/tr>\n      <tr><td>19:08<\/td><td>19:12<\/td><td>19:16<\/td><td>19:20<\/td><td>19:24<\/td><td>19:28<\/td><td>19:32<\/td><td>19:36<\/td><td>19:40<\/td><td>19:44<\/td><td>19:48<\/td><td>19:52<\/td><td>19:56<\/td><td>20:00<\/td><td>20:04<\/td><td>20:08<\/td><td>20:12<\/td><\/tr>\n      <tr><td>22:00<\/td><td>22:06<\/td><td>22:12<\/td><td>22:18<\/td><td>22:24<\/td><td>22:30<\/td><td>22:36<\/td><td>22:42<\/td><td>22:48<\/td><td>22:54<\/td><td>23:00<\/td><td>23:06<\/td><td>23:12<\/td><td>23:18<\/td><td>23:24<\/td><td>23:30<\/td><td>23:36<\/td><\/tr>\n    <\/tbody>\n  <\/table>\n<\/div>\n\n\n\n<div class=\"glass-container\">\n  <h3 style=\"text-align:center;color:#fff;\">\ud83d\udccd N\u0130\u015eANTEPE Kalk\u0131\u015f Saatleri<\/h3>\n  <table class=\"glass-table\">\n    <thead>\n      <tr>\n        <th>1536<\/th><th>1388<\/th><th>1610<\/th><th>1355<\/th><th>699<\/th>\n      <\/tr>\n    <\/thead>\n    <tbody>\n      <tr><td>6:10<\/td><td>6:30<\/td><td>6:50<\/td><td>7:20<\/td><td>7:50<\/td><\/tr>\n      <tr><td>8:30<\/td><td>8:50<\/td><td>9:30<\/td><td>9:50<\/td><td>10:10<\/td><\/tr>\n      <tr><td>10:50<\/td><td>12:00<\/td><td>11:50<\/td><td>13:00<\/td><td>13:20<\/td><\/tr>\n      <tr><td>13:10<\/td><td>13:30<\/td><td>13:40<\/td><td>14:10<\/td><td>14:30<\/td><\/tr>\n      <tr><td>14:50<\/td><td>15:30<\/td><td>15:50<\/td><td>16:50<\/td><td>17:10<\/td><\/tr>\n      <tr><td>17:30<\/td><td>18:30<\/td><td>18:50<\/td><td>19:50<\/td><td>20:10<\/td><\/tr>\n      <tr><td>20:30<\/td><td>21:10<\/td><td><\/td><td><\/td><td><\/td><\/tr>\n    <\/tbody>\n  <\/table>\n<\/div>\n\n\n\n<div class=\"glass-container\">\n  <h3 style=\"text-align:center;color:#fff;\">\ud83d\udccd SANTRAL Kalk\u0131\u015f Saatleri (2)<\/h3>\n  <table class=\"glass-table\">\n    <thead>\n      <tr>\n        <th>1090<\/th><th>1145<\/th><th>2285<\/th><th>1492<\/th><th>2792<\/th><th>1877<\/th>\n      <\/tr>\n    <\/thead>\n    <tbody>\n      <tr><td>6:00<\/td><td>6:20<\/td><td>6:40<\/td><td>7:20<\/td><td>7:40<\/td><td>8:00<\/td><\/tr>\n      <tr><td>8:10<\/td><td>8:30<\/td><td>8:50<\/td><td>9:50<\/td><td>10:10<\/td><td>10:30<\/td><\/tr>\n      <tr><td>10:50<\/td><td>11:10<\/td><td>11:50<\/td><td>12:10<\/td><td>12:30<\/td><td>12:50<\/td><\/tr>\n      <tr><td>13:10<\/td><td>13:30<\/td><td>14:10<\/td><td>14:30<\/td><td>14:50<\/td><td>15:10<\/td><\/tr>\n      <tr><td>15:30<\/td><td>15:50<\/td><td>16:50<\/td><td>17:10<\/td><td>17:30<\/td><td>18:10<\/td><\/tr>\n      <tr><td>18:30<\/td><td>18:50<\/td><td>19:50<\/td><td>20:10<\/td><td>20:50<\/td><td>21:10<\/td><\/tr>\n    <\/tbody>\n  <\/table>\n<\/div>\n\n\n\n<div class=\"glass-container\">\n  <h3 style=\"text-align:center;color:#fff;\">\ud83d\udccd N\u0130\u015eANTEPE Kalk\u0131\u015f Saatleri (2)<\/h3>\n  <table class=\"glass-table\">\n    <thead>\n      <tr>\n        <th>1090<\/th><th>1145<\/th><th>2285<\/th><th>1492<\/th><th>2792<\/th><th>1877<\/th>\n      <\/tr>\n    <\/thead>\n    <tbody>\n      <tr><td>6:00<\/td><td>6:20<\/td><td>6:40<\/td><td>7:00<\/td><td>7:20<\/td><td>7:40<\/td><\/tr>\n      <tr><td>8:20<\/td><td>8:40<\/td><td>9:00<\/td><td>9:20<\/td><td>9:30<\/td><td>10:00<\/td><\/tr>\n      <tr><td>10:40<\/td><td>11:00<\/td><td>11:20<\/td><td>11:40<\/td><td>12:00<\/td><td>12:20<\/td><\/tr>\n      <tr><td>13:00<\/td><td>13:20<\/td><td>13:30<\/td><td>14:00<\/td><td>14:20<\/td><td>14:40<\/td><\/tr>\n      <tr><td>15:20<\/td><td>15:40<\/td><td>16:00<\/td><td>16:40<\/td><td>17:00<\/td><td>17:20<\/td><\/tr>\n      <tr><td>18:20<\/td><td>18:40<\/td><td>19:00<\/td><td>19:40<\/td><td>20:00<\/td><td>20:20<\/td><\/tr>\n      <tr><td>21:00<\/td><td><\/td><td><\/td><td><\/td><td><\/td><td><\/td><\/tr>\n    <\/tbody>\n  <\/table>\n<\/div>\n\n\n\n<p><strong>\u00dcmraniye \u2013 \u00c7ekmek\u00f6y \u2013 \u00dcsk\u00fcdar Minib\u00fcs Hatlar\u0131 ve Sefer Saatleri<\/strong><\/p>\n\n\n\n<p>\u0130stanbul\u2019un Anadolu Yakas\u0131\u2019nda yer alan \u00dcmraniye, \u00c7ekmek\u00f6y, Dudullu, \u00dcsk\u00fcdar, Ni\u015fantepe ve Santral b\u00f6lgeleri aras\u0131nda hizmet veren minib\u00fcs hatlar\u0131n\u0131n en g\u00fcncel sefer saatlerine bu sayfadan ula\u015fabilirsiniz. Haftan\u0131n her g\u00fcn\u00fc sabah\u0131n erken saatlerinden gece ge\u00e7 saatlere kadar d\u00fczenli olarak \u00e7al\u0131\u015fan minib\u00fcs hatlar\u0131, toplu ula\u015f\u0131mda h\u0131zl\u0131 ve pratik bir alternatif sunmaktad\u0131r.<\/p>\n\n\n\n<p>Sayfam\u0131zda i\u015f g\u00fcnleri, cumartesi ve pazar g\u00fcnleri i\u00e7in ayr\u0131 ayr\u0131 d\u00fczenlenmi\u015f detayl\u0131 sefer tablolar\u0131 yer almaktad\u0131r. Her tablo, farkl\u0131 duraklardan kalk\u0131\u015f saatlerini kar\u015f\u0131la\u015ft\u0131rmal\u0131 olarak inceleyebilmeniz i\u00e7in optimize edilmi\u015ftir.<\/p>\n\n\n\n<p>Bilgiler d\u00fczenli olarak g\u00fcncellenmektedir. \u201c\u00dcmraniye minib\u00fcs saatleri\u201d, \u201c\u00c7ekmek\u00f6y &#8211; \u00dcsk\u00fcdar minib\u00fcs hatt\u0131\u201d, \u201cDudullu kalk\u0131\u015f saatleri\u201d, \u201cNi\u015fantepe minib\u00fcs saatleri\u201d gibi s\u0131k\u00e7a aranan ula\u015f\u0131m konular\u0131na dair en do\u011fru ve kapsaml\u0131 bilgiye buradan ula\u015fabilirsiniz.<\/p>\n","protected":false},"excerpt":{"rendered":"<p>\ud83d\udccd DUDULLU Kalk\u0131\u015f Saatleri (Pazartesi) 1091 1742 2368 782 1144 1537 780 2238 1479 1195 2776 1395 833 2550 1976 2484 1942 5:00 5:05 5:10 5:15 5:20 5:25 5:30 5:35 5:40 5:45 5:50 5:55 6:00 6:05 6:10 6:15 6:20 7:44 7:48 7:52 7:56 8:00 8:04 8:08 8:12 8:16 8:20 8:24 8:28 8:32 8:36 8:40 8:44 [&hellip;]<\/p>\n","protected":false},"author":1,"featured_media":0,"parent":0,"menu_order":0,"comment_status":"closed","ping_status":"closed","template":"","meta":{"_monsterinsights_skip_tracking":false,"_monsterinsights_sitenote_active":false,"_monsterinsights_sitenote_note":"","_monsterinsights_sitenote_category":0,"footnotes":""},"class_list":["post-3362","page","type-page","status-publish","hentry"],"aioseo_notices":[],"_links":{"self":[{"href":"https:\/\/www.umraniyeminibus.com\/index.php?rest_route=\/wp\/v2\/pages\/3362","targetHints":{"allow":["GET"]}}],"collection":[{"href":"https:\/\/www.umraniyeminibus.com\/index.php?rest_route=\/wp\/v2\/pages"}],"about":[{"href":"https:\/\/www.umraniyeminibus.com\/index.php?rest_route=\/wp\/v2\/types\/page"}],"author":[{"embeddable":true,"href":"https:\/\/www.umraniyeminibus.com\/index.php?rest_route=\/wp\/v2\/users\/1"}],"replies":[{"embeddable":true,"href":"https:\/\/www.umraniyeminibus.com\/index.php?rest_route=%2Fwp%2Fv2%2Fcomments&post=3362"}],"version-history":[{"count":7,"href":"https:\/\/www.umraniyeminibus.com\/index.php?rest_route=\/wp\/v2\/pages\/3362\/revisions"}],"predecessor-version":[{"id":3371,"href":"https:\/\/www.umraniyeminibus.com\/index.php?rest_route=\/wp\/v2\/pages\/3362\/revisions\/3371"}],"wp:attachment":[{"href":"https:\/\/www.umraniyeminibus.com\/index.php?rest_route=%2Fwp%2Fv2%2Fmedia&parent=3362"}],"curies":[{"name":"wp","href":"https:\/\/api.w.org\/{rel}","templated":true}]}}