{"id":3354,"date":"2025-07-02T23:46:40","date_gmt":"2025-07-02T23:46:40","guid":{"rendered":"https:\/\/www.umraniyeminibus.com\/?page_id=3354"},"modified":"2025-07-02T23:46:43","modified_gmt":"2025-07-02T23:46:43","slug":"umraniye-cekmekoy-minibus-saatleri","status":"publish","type":"page","link":"https:\/\/www.umraniyeminibus.com\/?page_id=3354","title":{"rendered":"\u00dcmraniye \u00c7ekmek\u00f6y Minib\u00fcs Saatleri"},"content":{"rendered":"\n\n<!DOCTYPE html>\n<html lang=\"tr\">\n<head>\n  <meta charset=\"UTF-8\">\n  <title>\u00dcmraniye &#8211; \u00c7ekmek\u00f6y Sefer Saatleri<\/title>\n  \n<style>\n  .glass-container {\n    overflow-x: auto;\n    padding: 20px;\n  }\n  .glass-table {\n    width: 100%;\n    max-width: 900px;\n    margin: auto;\n    border-collapse: collapse;\n    backdrop-filter: blur(10px);\n    background: rgba(255, 255, 255, 0.6);\n    border: 1px solid rgba(0, 0, 0, 0.1);\n    box-shadow: 0 8px 32px 0 rgba(0,0,0,0.2);\n    color: #333;\n    font-family: 'Segoe UI', sans-serif;\n    border-radius: 12px;\n    overflow: hidden;\n  }\n  .glass-table th, .glass-table td {\n    padding: 12px 18px;\n    text-align: center;\n    border: 1px solid rgba(0, 0, 0, 0.1);\n    transition: background 0.3s, color 0.3s;\n  }\n  .glass-table thead {\n    background: linear-gradient(135deg, rgba(255,255,255,0.3), rgba(255,255,255,0.1));\n    font-weight: bold;\n    color: #222;\n  }\n  .glass-table tbody tr:hover {\n    background: rgba(255, 238, 0, 0.2);\n    color: #000;\n    font-weight: bold;\n    cursor: pointer;\n  }\n  h2.route-title {\n    text-align: center;\n    color: #fff;\n    margin-top: 40px;\n    text-shadow: 0 0 1px #aaa;\n  }\n  @media screen and (max-width: 768px) {\n    .glass-table th, .glass-table td {\n      padding: 8px;\n      font-size: 14px;\n    }\n  }\n<\/style>\n\n<\/head>\n<body>\n  <h2 class=\"route-title\">\ud83d\udfe8 \u00dcmraniye &#8211; \u00c7ekmek\u00f6y (Ye\u015filtepe) &#8211; \u015eahinbey (Madenler)<\/h2>\n  \n<div class=\"glass-container\">\n  <h3 style=\"text-align:center;color:#fff;\">\ud83d\udccd \u00c7ekmek\u00f6y (Ye\u015filtepe) Kalk\u0131\u015f Saatleri<\/h3>\n  <table class=\"glass-table\">\n    <thead>\n      <tr><th>\u0130\u015f G\u00fcnleri<\/th><th>Cumartesi<\/th><th>Pazar<\/th><\/tr>\n    <\/thead>\n    <tbody>\n      <tr><td>05:50<\/td><td>05:58<\/td><td>06:15<\/td><\/tr>\n<tr><td>05:59<\/td><td>06:08<\/td><td>06:25<\/td><\/tr>\n<tr><td>06:08<\/td><td>06:17<\/td><td>06:35<\/td><\/tr>\n<tr><td>06:17<\/td><td>06:26<\/td><td>06:45<\/td><\/tr>\n<tr><td>06:26<\/td><td>06:35<\/td><td>06:54<\/td><\/tr>\n<tr><td>06:35<\/td><td>06:44<\/td><td>07:03<\/td><\/tr>\n<tr><td>06:43<\/td><td>06:53<\/td><td>07:12<\/td><\/tr>\n<tr><td>06:50<\/td><td>07:01<\/td><td>07:21<\/td><\/tr>\n<tr><td>06:57<\/td><td>07:08<\/td><td>07:30<\/td><\/tr>\n<tr><td>07:04<\/td><td>07:15<\/td><td>07:39<\/td><\/tr>\n<tr><td>07:11<\/td><td>07:22<\/td><td>07:48<\/td><\/tr>\n<tr><td>07:18<\/td><td>07:29<\/td><td>07:57<\/td><\/tr>\n<tr><td>07:26<\/td><td>07:36<\/td><td>08:06<\/td><\/tr>\n<tr><td>07:34<\/td><td>07:43<\/td><td>08:15<\/td><\/tr>\n<tr><td>07:42<\/td><td>07:50<\/td><td>08:24<\/td><\/tr>\n<tr><td>07:50<\/td><td>07:57<\/td><td>08:33<\/td><\/tr>\n<tr><td>07:58<\/td><td>08:04<\/td><td>08:42<\/td><\/tr>\n<tr><td>08:06<\/td><td>08:11<\/td><td>08:51<\/td><\/tr>\n<tr><td>08:14<\/td><td>08:18<\/td><td>09:00<\/td><\/tr>\n<tr><td>08:23<\/td><td>08:26<\/td><td>09:09<\/td><\/tr>\n<tr><td>08:32<\/td><td>08:34<\/td><td>09:18<\/td><\/tr>\n<tr><td>08:41<\/td><td>08:43<\/td><td>09:27<\/td><\/tr>\n<tr><td>08:50<\/td><td>08:52<\/td><td>09:36<\/td><\/tr>\n<tr><td>08:59<\/td><td>09:01<\/td><td>09:45<\/td><\/tr>\n<tr><td>09:08<\/td><td>09:10<\/td><td>09:54<\/td><\/tr>\n<tr><td>09:18<\/td><td>09:19<\/td><td>10:04<\/td><\/tr>\n<tr><td>09:28<\/td><td>09:28<\/td><td>10:14<\/td><\/tr>\n<tr><td>09:38<\/td><td>09:38<\/td><td>10:24<\/td><\/tr>\n<tr><td>09:48<\/td><td>09:48<\/td><td>10:34<\/td><\/tr>\n<tr><td>09:58<\/td><td>09:58<\/td><td>10:44<\/td><\/tr>\n<tr><td>10:08<\/td><td>10:08<\/td><td>10:54<\/td><\/tr>\n<tr><td>10:18<\/td><td>10:18<\/td><td>11:04<\/td><\/tr>\n<tr><td>10:28<\/td><td>10:28<\/td><td>11:14<\/td><\/tr>\n<tr><td>10:38<\/td><td>10:38<\/td><td>11:24<\/td><\/tr>\n<tr><td>10:48<\/td><td>10:48<\/td><td>11:34<\/td><\/tr>\n<tr><td>10:58<\/td><td>10:58<\/td><td>11:44<\/td><\/tr>\n<tr><td>11:08<\/td><td>11:08<\/td><td>11:54<\/td><\/tr>\n<tr><td>11:18<\/td><td>11:18<\/td><td>12:04<\/td><\/tr>\n<tr><td>11:28<\/td><td>11:28<\/td><td>12:14<\/td><\/tr>\n<tr><td>11:38<\/td><td>11:38<\/td><td>12:24<\/td><\/tr>\n<tr><td>11:48<\/td><td>11:48<\/td><td>12:34<\/td><\/tr>\n<tr><td>11:58<\/td><td>11:58<\/td><td>12:44<\/td><\/tr>\n<tr><td>12:08<\/td><td>12:08<\/td><td>12:54<\/td><\/tr>\n<tr><td>12:18<\/td><td>12:18<\/td><td>13:04<\/td><\/tr>\n<tr><td>12:28<\/td><td>12:28<\/td><td>13:14<\/td><\/tr>\n<tr><td>12:38<\/td><td>12:38<\/td><td>13:24<\/td><\/tr>\n<tr><td>12:48<\/td><td>12:48<\/td><td>13:34<\/td><\/tr>\n<tr><td>12:58<\/td><td>12:58<\/td><td>13:44<\/td><\/tr>\n<tr><td>13:08<\/td><td>13:08<\/td><td>13:54<\/td><\/tr>\n<tr><td>13:18<\/td><td>13:18<\/td><td>14:04<\/td><\/tr>\n<tr><td>13:28<\/td><td>13:28<\/td><td>14:14<\/td><\/tr>\n<tr><td>13:38<\/td><td>13:38<\/td><td>14:24<\/td><\/tr>\n<tr><td>13:48<\/td><td>13:48<\/td><td>14:34<\/td><\/tr>\n<tr><td>13:58<\/td><td>13:58<\/td><td>14:44<\/td><\/tr>\n<tr><td>14:08<\/td><td>14:08<\/td><td>14:54<\/td><\/tr>\n<tr><td>14:18<\/td><td>14:18<\/td><td>15:04<\/td><\/tr>\n<tr><td>14:28<\/td><td>14:28<\/td><td>15:14<\/td><\/tr>\n<tr><td>14:38<\/td><td>14:38<\/td><td>15:24<\/td><\/tr>\n<tr><td>14:48<\/td><td>14:48<\/td><td>15:34<\/td><\/tr>\n<tr><td>14:58<\/td><td>14:58<\/td><td>15:44<\/td><\/tr>\n<tr><td>15:08<\/td><td>15:08<\/td><td>15:54<\/td><\/tr>\n<tr><td>15:18<\/td><td>15:18<\/td><td>16:04<\/td><\/tr>\n<tr><td>15:28<\/td><td>15:28<\/td><td>16:14<\/td><\/tr>\n<tr><td>15:38<\/td><td>15:38<\/td><td>16:24<\/td><\/tr>\n<tr><td>15:48<\/td><td>15:48<\/td><td>16:34<\/td><\/tr>\n<tr><td>15:58<\/td><td>15:58<\/td><td>16:44<\/td><\/tr>\n<tr><td>16:08<\/td><td>16:08<\/td><td>16:54<\/td><\/tr>\n<tr><td>16:18<\/td><td>16:18<\/td><td>17:04<\/td><\/tr>\n<tr><td>16:28<\/td><td>16:28<\/td><td>17:14<\/td><\/tr>\n<tr><td>16:38<\/td><td>16:38<\/td><td>17:24<\/td><\/tr>\n<tr><td>16:48<\/td><td>16:48<\/td><td>17:34<\/td><\/tr>\n<tr><td>16:58<\/td><td>16:58<\/td><td>17:44<\/td><\/tr>\n<tr><td>17:08<\/td><td>17:08<\/td><td>17:54<\/td><\/tr>\n<tr><td>17:18<\/td><td>17:18<\/td><td>18:04<\/td><\/tr>\n<tr><td>17:28<\/td><td>17:28<\/td><td>18:14<\/td><\/tr>\n<tr><td>17:38<\/td><td>17:38<\/td><td>18:24<\/td><\/tr>\n<tr><td>17:48<\/td><td>17:48<\/td><td>18:34<\/td><\/tr>\n<tr><td>17:58<\/td><td>17:58<\/td><td>18:44<\/td><\/tr>\n<tr><td>18:08<\/td><td>18:08<\/td><td>18:54<\/td><\/tr>\n<tr><td>18:18<\/td><td>18:18<\/td><td>19:04<\/td><\/tr>\n<tr><td>18:28<\/td><td>18:28<\/td><td>19:14<\/td><\/tr>\n<tr><td>18:38<\/td><td>18:38<\/td><td>19:24<\/td><\/tr>\n<tr><td>18:48<\/td><td>18:48<\/td><td>19:34<\/td><\/tr>\n<tr><td>18:58<\/td><td>18:58<\/td><td>19:44<\/td><\/tr>\n<tr><td>19:08<\/td><td>19:08<\/td><td>19:54<\/td><\/tr>\n<tr><td>19:18<\/td><td>19:18<\/td><td>20:04<\/td><\/tr>\n<tr><td>19:28<\/td><td>19:28<\/td><td>20:14<\/td><\/tr>\n<tr><td>19:38<\/td><td>19:38<\/td><td>20:24<\/td><\/tr>\n<tr><td>19:48<\/td><td>19:48<\/td><td>20:34<\/td><\/tr>\n<tr><td>19:58<\/td><td>19:58<\/td><td>20:44<\/td><\/tr>\n<tr><td>20:08<\/td><td>20:08<\/td><td>20:54<\/td><\/tr>\n<tr><td>20:18<\/td><td>20:18<\/td><td>21:04<\/td><\/tr>\n<tr><td>20:28<\/td><td>20:28<\/td><td>21:14<\/td><\/tr>\n<tr><td>20:38<\/td><td>20:38<\/td><td>21:24<\/td><\/tr>\n<tr><td>20:48<\/td><td>20:48<\/td><td>21:34<\/td><\/tr>\n<tr><td>20:58<\/td><td>20:58<\/td><td><\/td><\/tr>\n<tr><td>21:08<\/td><td>21:08<\/td><td><\/td><\/tr>\n<tr><td>21:18<\/td><td>21:18<\/td><td><\/td><\/tr>\n<tr><td>21:28<\/td><td>21:28<\/td><td><\/td><\/tr>\n    <\/tbody>\n  <\/table>\n<\/div>\n\n  \n<div class=\"glass-container\">\n  <h3 style=\"text-align:center;color:#fff;\">\ud83d\udccd \u00dcmraniye Kalk\u0131\u015f Saatleri<\/h3>\n  <table class=\"glass-table\">\n    <thead>\n      <tr><th>\u0130\u015f G\u00fcnleri<\/th><th>Cumartesi<\/th><th>Pazar<\/th><\/tr>\n    <\/thead>\n    <tbody>\n      <tr><td>06:32<\/td><td>06:40<\/td><td>06:55<\/td><\/tr>\n<tr><td>06:44<\/td><td>06:50<\/td><td>07:05<\/td><\/tr>\n<tr><td>06:55<\/td><td>07:00<\/td><td>07:15<\/td><\/tr>\n<tr><td>07:05<\/td><td>07:10<\/td><td>07:25<\/td><\/tr>\n<tr><td>07:15<\/td><td>07:20<\/td><td>07:35<\/td><\/tr>\n<tr><td>07:25<\/td><td>07:30<\/td><td>07:45<\/td><\/tr>\n<tr><td>07:34<\/td><td>07:40<\/td><td>07:55<\/td><\/tr>\n<tr><td>07:42<\/td><td>07:50<\/td><td>08:05<\/td><\/tr>\n<tr><td>07:50<\/td><td>07:58<\/td><td>08:15<\/td><\/tr>\n<tr><td>07:58<\/td><td>08:06<\/td><td>08:25<\/td><\/tr>\n<tr><td>08:06<\/td><td>08:14<\/td><td>08:35<\/td><\/tr>\n<tr><td>08:14<\/td><td>08:22<\/td><td>08:45<\/td><\/tr>\n<tr><td>08:23<\/td><td>08:30<\/td><td>08:55<\/td><\/tr>\n<tr><td>08:33<\/td><td>08:38<\/td><td>09:05<\/td><\/tr>\n<tr><td>08:43<\/td><td>08:46<\/td><td>09:15<\/td><\/tr>\n<tr><td>08:54<\/td><td>08:54<\/td><td>09:25<\/td><\/tr>\n<tr><td>09:05<\/td><td>09:02<\/td><td>09:35<\/td><\/tr>\n<tr><td>09:15<\/td><td>09:10<\/td><td>09:45<\/td><\/tr>\n<tr><td>09:25<\/td><td>09:18<\/td><td>09:55<\/td><\/tr>\n<tr><td>09:35<\/td><td>09:26<\/td><td>10:05<\/td><\/tr>\n<tr><td>09:45<\/td><td>09:35<\/td><td>10:15<\/td><\/tr>\n<tr><td>09:55<\/td><td>09:45<\/td><td>10:25<\/td><\/tr>\n<tr><td>10:05<\/td><td>09:55<\/td><td>10:35<\/td><\/tr>\n<tr><td>10:15<\/td><td>10:05<\/td><td>10:45<\/td><\/tr>\n<tr><td>10:25<\/td><td>10:15<\/td><td>10:55<\/td><\/tr>\n<tr><td>10:35<\/td><td>10:25<\/td><td>11:05<\/td><\/tr>\n<tr><td>10:45<\/td><td>10:35<\/td><td>11:15<\/td><\/tr>\n<tr><td>10:55<\/td><td>10:45<\/td><td>11:25<\/td><\/tr>\n<tr><td>11:05<\/td><td>10:55<\/td><td>11:35<\/td><\/tr>\n<tr><td>11:15<\/td><td>11:05<\/td><td>11:45<\/td><\/tr>\n<tr><td>11:25<\/td><td>11:15<\/td><td>11:55<\/td><\/tr>\n<tr><td>11:35<\/td><td>11:25<\/td><td>12:05<\/td><\/tr>\n<tr><td>11:45<\/td><td>11:35<\/td><td>12:15<\/td><\/tr>\n<tr><td>11:55<\/td><td>11:45<\/td><td>12:25<\/td><\/tr>\n<tr><td>12:05<\/td><td>11:55<\/td><td>12:35<\/td><\/tr>\n<tr><td>12:15<\/td><td>12:05<\/td><td>12:45<\/td><\/tr>\n<tr><td>12:25<\/td><td>12:15<\/td><td>12:55<\/td><\/tr>\n<tr><td>12:35<\/td><td>12:25<\/td><td>13:05<\/td><\/tr>\n<tr><td>12:45<\/td><td>12:35<\/td><td>13:15<\/td><\/tr>\n<tr><td>12:55<\/td><td>12:45<\/td><td>13:25<\/td><\/tr>\n<tr><td>13:05<\/td><td>12:55<\/td><td>13:35<\/td><\/tr>\n<tr><td>13:15<\/td><td>13:05<\/td><td>13:45<\/td><\/tr>\n<tr><td>13:25<\/td><td>13:15<\/td><td>13:55<\/td><\/tr>\n<tr><td>13:35<\/td><td>13:25<\/td><td>14:05<\/td><\/tr>\n<tr><td>13:45<\/td><td>13:35<\/td><td>14:15<\/td><\/tr>\n<tr><td>13:55<\/td><td>13:45<\/td><td>14:25<\/td><\/tr>\n<tr><td>14:05<\/td><td>13:55<\/td><td>14:35<\/td><\/tr>\n<tr><td>14:15<\/td><td>14:05<\/td><td>14:45<\/td><\/tr>\n<tr><td>14:25<\/td><td>14:15<\/td><td>14:55<\/td><\/tr>\n<tr><td>14:35<\/td><td>14:25<\/td><td>15:05<\/td><\/tr>\n<tr><td>14:45<\/td><td>14:35<\/td><td>15:15<\/td><\/tr>\n<tr><td>14:55<\/td><td>14:45<\/td><td>15:25<\/td><\/tr>\n<tr><td>15:05<\/td><td>14:55<\/td><td>15:35<\/td><\/tr>\n<tr><td>15:15<\/td><td>15:05<\/td><td>15:45<\/td><\/tr>\n<tr><td>15:25<\/td><td>15:15<\/td><td>15:55<\/td><\/tr>\n<tr><td>15:35<\/td><td>15:25<\/td><td>16:05<\/td><\/tr>\n<tr><td>15:45<\/td><td>15:35<\/td><td>16:15<\/td><\/tr>\n<tr><td>15:55<\/td><td>15:45<\/td><td>16:25<\/td><\/tr>\n<tr><td>16:05<\/td><td>15:55<\/td><td>16:35<\/td><\/tr>\n<tr><td>16:15<\/td><td>16:05<\/td><td>16:45<\/td><\/tr>\n<tr><td>16:25<\/td><td>16:15<\/td><td>16:55<\/td><\/tr>\n<tr><td>16:35<\/td><td>16:25<\/td><td>17:05<\/td><\/tr>\n<tr><td>16:45<\/td><td>16:35<\/td><td>17:15<\/td><\/tr>\n<tr><td>16:55<\/td><td>16:45<\/td><td>17:25<\/td><\/tr>\n<tr><td>17:05<\/td><td>16:55<\/td><td>17:35<\/td><\/tr>\n<tr><td>17:15<\/td><td>17:05<\/td><td>17:45<\/td><\/tr>\n<tr><td>17:25<\/td><td>17:15<\/td><td>17:55<\/td><\/tr>\n<tr><td>17:35<\/td><td>17:25<\/td><td>18:05<\/td><\/tr>\n<tr><td>17:45<\/td><td>17:35<\/td><td>18:15<\/td><\/tr>\n<tr><td>17:55<\/td><td>17:45<\/td><td>18:25<\/td><\/tr>\n<tr><td>18:05<\/td><td>17:55<\/td><td>18:35<\/td><\/tr>\n<tr><td>18:15<\/td><td>18:05<\/td><td>18:45<\/td><\/tr>\n<tr><td>18:25<\/td><td>18:15<\/td><td>18:55<\/td><\/tr>\n<tr><td>18:35<\/td><td>18:25<\/td><td>19:05<\/td><\/tr>\n<tr><td>18:45<\/td><td>18:35<\/td><td>19:15<\/td><\/tr>\n<tr><td>18:55<\/td><td>18:45<\/td><td>19:25<\/td><\/tr>\n<tr><td>19:05<\/td><td>18:55<\/td><td>19:35<\/td><\/tr>\n<tr><td>19:15<\/td><td>19:05<\/td><td>19:45<\/td><\/tr>\n<tr><td>19:25<\/td><td>19:15<\/td><td>19:55<\/td><\/tr>\n<tr><td>19:35<\/td><td>19:25<\/td><td>20:05<\/td><\/tr>\n<tr><td>19:45<\/td><td>19:35<\/td><td>20:15<\/td><\/tr>\n<tr><td>19:55<\/td><td>19:45<\/td><td>20:25<\/td><\/tr>\n<tr><td>20:05<\/td><td>19:55<\/td><td>20:35<\/td><\/tr>\n<tr><td>20:15<\/td><td>20:05<\/td><td>20:45<\/td><\/tr>\n<tr><td>20:25<\/td><td>20:15<\/td><td>20:55<\/td><\/tr>\n<tr><td>20:35<\/td><td>20:25<\/td><td>21:05<\/td><\/tr>\n<tr><td>20:45<\/td><td>20:35<\/td><td>21:15<\/td><\/tr>\n<tr><td>20:55<\/td><td>20:45<\/td><td>21:25<\/td><\/tr>\n<tr><td>21:05<\/td><td>20:55<\/td><td>21:35<\/td><\/tr>\n<tr><td>21:15<\/td><td>21:05<\/td><td>21:45<\/td><\/tr>\n<tr><td>21:25<\/td><td>21:15<\/td><td>21:55<\/td><\/tr>\n<tr><td>21:35<\/td><td>21:25<\/td><td>22:05<\/td><\/tr>\n<tr><td>21:45<\/td><td>21:35<\/td><td>22:15<\/td><\/tr>\n<tr><td>21:55<\/td><td>21:45<\/td><td>22:25<\/td><\/tr>\n<tr><td>22:05<\/td><td>21:55<\/td><td>22:35<\/td><\/tr>\n<tr><td>22:15<\/td><td>22:05<\/td><td>22:45<\/td><\/tr>\n<tr><td>22:25<\/td><td>22:15<\/td><td><\/td><\/tr>\n<tr><td>22:35<\/td><td>22:25<\/td><td><\/td><\/tr>\n<tr><td>22:45<\/td><td>22:35<\/td><td><\/td><\/tr>\n<tr><td>22:55<\/td><td>22:45<\/td><td><\/td><\/tr>\n    <\/tbody>\n  <\/table>\n<\/div>\n\n<\/body>\n<\/html>\n\n\n\n\n<p><\/p>\n","protected":false},"excerpt":{"rendered":"<p>\u00dcmraniye &#8211; \u00c7ekmek\u00f6y Sefer Saatleri \ud83d\udfe8 \u00dcmraniye &#8211; \u00c7ekmek\u00f6y (Ye\u015filtepe) &#8211; \u015eahinbey (Madenler) \ud83d\udccd \u00c7ekmek\u00f6y (Ye\u015filtepe) Kalk\u0131\u015f Saatleri \u0130\u015f G\u00fcnleri Cumartesi Pazar 05:50 05:58 06:15 05:59 06:08 06:25 06:08 06:17 06:35 06:17 06:26 06:45 06:26 06:35 06:54 06:35 06:44 07:03 06:43 06:53 07:12 06:50 07:01 07:21 06:57 07:08 07:30 07:04 07:15 07:39 07:11 07:22 07:48 [&hellip;]<\/p>\n","protected":false},"author":1,"featured_media":0,"parent":0,"menu_order":0,"comment_status":"closed","ping_status":"closed","template":"","meta":{"_monsterinsights_skip_tracking":false,"_monsterinsights_sitenote_active":false,"_monsterinsights_sitenote_note":"","_monsterinsights_sitenote_category":0,"footnotes":""},"class_list":["post-3354","page","type-page","status-publish","hentry"],"aioseo_notices":[],"_links":{"self":[{"href":"https:\/\/www.umraniyeminibus.com\/index.php?rest_route=\/wp\/v2\/pages\/3354","targetHints":{"allow":["GET"]}}],"collection":[{"href":"https:\/\/www.umraniyeminibus.com\/index.php?rest_route=\/wp\/v2\/pages"}],"about":[{"href":"https:\/\/www.umraniyeminibus.com\/index.php?rest_route=\/wp\/v2\/types\/page"}],"author":[{"embeddable":true,"href":"https:\/\/www.umraniyeminibus.com\/index.php?rest_route=\/wp\/v2\/users\/1"}],"replies":[{"embeddable":true,"href":"https:\/\/www.umraniyeminibus.com\/index.php?rest_route=%2Fwp%2Fv2%2Fcomments&post=3354"}],"version-history":[{"count":3,"href":"https:\/\/www.umraniyeminibus.com\/index.php?rest_route=\/wp\/v2\/pages\/3354\/revisions"}],"predecessor-version":[{"id":3358,"href":"https:\/\/www.umraniyeminibus.com\/index.php?rest_route=\/wp\/v2\/pages\/3354\/revisions\/3358"}],"wp:attachment":[{"href":"https:\/\/www.umraniyeminibus.com\/index.php?rest_route=%2Fwp%2Fv2%2Fmedia&parent=3354"}],"curies":[{"name":"wp","href":"https:\/\/api.w.org\/{rel}","templated":true}]}}