{"id":3164,"date":"2025-05-05T02:42:19","date_gmt":"2025-05-05T02:42:19","guid":{"rendered":"https:\/\/www.umraniyeminibus.com\/?page_id=3164"},"modified":"2025-07-17T09:02:47","modified_gmt":"2025-07-17T09:02:47","slug":"iletisim","status":"publish","type":"page","link":"https:\/\/www.umraniyeminibus.com\/?page_id=3164","title":{"rendered":"\u0130leti\u015fim"},"content":{"rendered":"\n<p>\u0130leti\u015fim Numaras\u0131 <br><br>Cep: 0(507)606 46 33<\/p>\n\n\n\n<p>Sabit Hat: 0(216) 335 91 07<br><br>Mail: umraniyeminibusodasi@hotmail.com<\/p>\n\n\n\n<p>\u00c7al\u0131\u015fma Saatleri:<br>Hafta \u0130\u00e7i:  9.00 &#8211; 17.00<\/p>\n","protected":false},"excerpt":{"rendered":"<p>\u0130leti\u015fim Numaras\u0131 Cep: 0(507)606 46 33 Sabit Hat: 0(216) 335 91 07 Mail: umraniyeminibusodasi@hotmail.com \u00c7al\u0131\u015fma Saatleri:Hafta \u0130\u00e7i: 9.00 &#8211; 17.00<\/p>\n","protected":false},"author":1,"featured_media":0,"parent":0,"menu_order":0,"comment_status":"closed","ping_status":"closed","template":"","meta":{"_monsterinsights_skip_tracking":false,"_monsterinsights_sitenote_active":false,"_monsterinsights_sitenote_note":"","_monsterinsights_sitenote_category":0,"footnotes":""},"class_list":["post-3164","page","type-page","status-publish","hentry"],"aioseo_notices":[],"_links":{"self":[{"href":"https:\/\/www.umraniyeminibus.com\/index.php?rest_route=\/wp\/v2\/pages\/3164","targetHints":{"allow":["GET"]}}],"collection":[{"href":"https:\/\/www.umraniyeminibus.com\/index.php?rest_route=\/wp\/v2\/pages"}],"about":[{"href":"https:\/\/www.umraniyeminibus.com\/index.php?rest_route=\/wp\/v2\/types\/page"}],"author":[{"embeddable":true,"href":"https:\/\/www.umraniyeminibus.com\/index.php?rest_route=\/wp\/v2\/users\/1"}],"replies":[{"embeddable":true,"href":"https:\/\/www.umraniyeminibus.com\/index.php?rest_route=%2Fwp%2Fv2%2Fcomments&post=3164"}],"version-history":[{"count":2,"href":"https:\/\/www.umraniyeminibus.com\/index.php?rest_route=\/wp\/v2\/pages\/3164\/revisions"}],"predecessor-version":[{"id":3447,"href":"https:\/\/www.umraniyeminibus.com\/index.php?rest_route=\/wp\/v2\/pages\/3164\/revisions\/3447"}],"wp:attachment":[{"href":"https:\/\/www.umraniyeminibus.com\/index.php?rest_route=%2Fwp%2Fv2%2Fmedia&parent=3164"}],"curies":[{"name":"wp","href":"https:\/\/api.w.org\/{rel}","templated":true}]}}