{"id":3162,"date":"2025-05-05T02:39:42","date_gmt":"2025-05-05T02:39:42","guid":{"rendered":"https:\/\/www.umraniyeminibus.com\/?page_id=3162"},"modified":"2025-07-17T11:21:01","modified_gmt":"2025-07-17T11:21:01","slug":"minibus-saatleri","status":"publish","type":"page","link":"https:\/\/www.umraniyeminibus.com\/?page_id=3162","title":{"rendered":"Minib\u00fcs Saatleri"},"content":{"rendered":"\n<style>\n.minibus-table {\n  width: 100%;\n  border-collapse: collapse;\n  font-family: Arial, sans-serif;\n  margin-top: 20px;\n}\n.minibus-table th, .minibus-table td {\n  text-align: left;\n  padding: 14px 20px;\n  border-bottom: 1px solid #ccc;\n  transition: background 0.3s ease;\n}\n.minibus-table tbody tr:hover {\n  background-color: #f0f8ff;\n}\n.minibus-table a {\n  text-decoration: none;\n  color: #007acc;\n  font-weight: bold;\n  transition: color 0.3s ease;\n}\n.minibus-table a:hover {\n  color: #005999;\n}\n.minibus-table thead {\n  background-color: #007acc;\n  color: white;\n}\n<\/style>\n\n<table class=\"minibus-table\">\n  <thead>\n    <tr>\n      <th>Minib\u00fcs Hatt\u0131<\/th>\n      <th>Ba\u011flant\u0131<\/th>\n    <\/tr>\n  <\/thead>\n  <tbody>\n    <tr>\n      <td>\u00dcmraniye \u00c7ekmek\u00f6y Minib\u00fcs Saatleri<\/td>\n      <td><a href=\"https:\/\/www.umraniyeminibus.com\/?page_id=3354\" target=\"_blank\">Sayfay\u0131 G\u00f6r<\/a><\/td>\n    <\/tr>\n    <tr>\n      <td>\u015eahinbey \u2013 \u00dcmraniye Minib\u00fcs Saatleri<\/td>\n      <td><a href=\"https:\/\/www.umraniyeminibus.com\/?page_id=3385\" target=\"_blank\">Sayfay\u0131 G\u00f6r<\/a><\/td>\n    <\/tr>\n    <tr>\n      <td>Karabekir, \u00c7akmak, Soyak Yeni\u015fehir Minib\u00fcs Hatt\u0131 Saatleri<\/td>\n      <td><a href=\"https:\/\/www.umraniyeminibus.com\/?page_id=3383\" target=\"_blank\">Sayfay\u0131 G\u00f6r<\/a><\/td>\n    <\/tr>\n    <tr>\n      <td>C57 Kad\u0131k\u00f6y \u2013 \u00dcmraniye (Atakent) Minib\u00fcs Sefer Saatleri<\/td>\n      <td><a href=\"https:\/\/www.umraniyeminibus.com\/?page_id=3381\" target=\"_blank\">Sayfay\u0131 G\u00f6r<\/a><\/td>\n    <\/tr>\n    <tr>\n      <td>Adem Yavuz \u2013 Hastane Minib\u00fcs Hatt\u0131 Saatleri<\/td>\n      <td><a href=\"https:\/\/www.umraniyeminibus.com\/?page_id=3379\" target=\"_blank\">Sayfay\u0131 G\u00f6r<\/a><\/td>\n    <\/tr>\n    <tr>\n      <td>C-311 Sar\u0131gazi \u2013 Dudullu Minib\u00fcs Hatt\u0131 Saatleri<\/td>\n      <td><a href=\"https:\/\/www.umraniyeminibus.com\/?page_id=3377\" target=\"_blank\">Sayfay\u0131 G\u00f6r<\/a><\/td>\n    <\/tr>\n    <tr>\n      <td>C-313 \u0130nk\u0131lap \u2013 \u00dcmraniye Hatt\u0131 Saatleri<\/td>\n      <td><a href=\"https:\/\/www.umraniyeminibus.com\/?page_id=3374\" target=\"_blank\">Sayfay\u0131 G\u00f6r<\/a><\/td>\n    <\/tr>\n    <tr>\n      <td>\u00dcmraniye \u2013 Yavuzt\u00fcrk C-354 hatt\u0131 saatleri<\/td>\n      <td><a href=\"https:\/\/www.umraniyeminibus.com\/?page_id=3372\" target=\"_blank\">Sayfay\u0131 G\u00f6r<\/a><\/td>\n    <\/tr>\n    <tr>\n      <td>Dudullu \u2013 \u00dcsk\u00fcdar Minib\u00fcs Saatleri<\/td>\n      <td><a href=\"https:\/\/www.umraniyeminibus.com\/?page_id=3362\" target=\"_blank\">Sayfay\u0131 G\u00f6r<\/a><\/td>\n    <\/tr>\n  <\/tbody>\n<\/table>\n\n\n\n\n<p><\/p>\n","protected":false},"excerpt":{"rendered":"<p>Minib\u00fcs Hatt\u0131 Ba\u011flant\u0131 \u00dcmraniye \u00c7ekmek\u00f6y Minib\u00fcs Saatleri Sayfay\u0131 G\u00f6r \u015eahinbey \u2013 \u00dcmraniye Minib\u00fcs Saatleri Sayfay\u0131 G\u00f6r Karabekir, \u00c7akmak, Soyak Yeni\u015fehir Minib\u00fcs Hatt\u0131 Saatleri Sayfay\u0131 G\u00f6r C57 Kad\u0131k\u00f6y \u2013 \u00dcmraniye (Atakent) Minib\u00fcs Sefer Saatleri Sayfay\u0131 G\u00f6r Adem Yavuz \u2013 Hastane Minib\u00fcs Hatt\u0131 Saatleri Sayfay\u0131 G\u00f6r C-311 Sar\u0131gazi \u2013 Dudullu Minib\u00fcs Hatt\u0131 Saatleri Sayfay\u0131 G\u00f6r C-313 \u0130nk\u0131lap [&hellip;]<\/p>\n","protected":false},"author":1,"featured_media":0,"parent":0,"menu_order":0,"comment_status":"closed","ping_status":"closed","template":"","meta":{"_monsterinsights_skip_tracking":false,"_monsterinsights_sitenote_active":false,"_monsterinsights_sitenote_note":"","_monsterinsights_sitenote_category":0,"footnotes":""},"class_list":["post-3162","page","type-page","status-publish","hentry"],"aioseo_notices":[],"_links":{"self":[{"href":"https:\/\/www.umraniyeminibus.com\/index.php?rest_route=\/wp\/v2\/pages\/3162","targetHints":{"allow":["GET"]}}],"collection":[{"href":"https:\/\/www.umraniyeminibus.com\/index.php?rest_route=\/wp\/v2\/pages"}],"about":[{"href":"https:\/\/www.umraniyeminibus.com\/index.php?rest_route=\/wp\/v2\/types\/page"}],"author":[{"embeddable":true,"href":"https:\/\/www.umraniyeminibus.com\/index.php?rest_route=\/wp\/v2\/users\/1"}],"replies":[{"embeddable":true,"href":"https:\/\/www.umraniyeminibus.com\/index.php?rest_route=%2Fwp%2Fv2%2Fcomments&post=3162"}],"version-history":[{"count":2,"href":"https:\/\/www.umraniyeminibus.com\/index.php?rest_route=\/wp\/v2\/pages\/3162\/revisions"}],"predecessor-version":[{"id":3885,"href":"https:\/\/www.umraniyeminibus.com\/index.php?rest_route=\/wp\/v2\/pages\/3162\/revisions\/3885"}],"wp:attachment":[{"href":"https:\/\/www.umraniyeminibus.com\/index.php?rest_route=%2Fwp%2Fv2%2Fmedia&parent=3162"}],"curies":[{"name":"wp","href":"https:\/\/api.w.org\/{rel}","templated":true}]}}